{"id":14,"date":"2021-11-21T15:14:19","date_gmt":"2021-11-21T15:14:19","guid":{"rendered":"https:\/\/ajetebeqiraj.org\/about\/"},"modified":"2026-01-22T21:57:49","modified_gmt":"2026-01-22T21:57:49","slug":"about","status":"publish","type":"page","link":"https:\/\/ajetebeqiraj.org\/en\/about\/","title":{"rendered":"About"},"content":{"rendered":"<div data-elementor-type=\"wp-page\" data-elementor-id=\"14\" class=\"elementor elementor-14\">\n\t\t\t\t\t\t<section class=\"elementor-section elementor-top-section elementor-element elementor-element-c8ddeb6 elementor-section-height-min-height elementor-section-boxed elementor-section-height-default elementor-section-items-middle\" data-id=\"c8ddeb6\" data-element_type=\"section\" data-e-type=\"section\" data-settings=\"{&quot;background_background&quot;:&quot;classic&quot;}\">\n\t\t\t\t\t\t\t<div class=\"elementor-background-overlay\"><\/div>\n\t\t\t\t\t\t\t<div class=\"elementor-container elementor-column-gap-default\">\n\t\t\t\t\t<div class=\"elementor-column elementor-col-100 elementor-top-column elementor-element elementor-element-6a5337e\" data-id=\"6a5337e\" data-element_type=\"column\" data-e-type=\"column\">\n\t\t\t<div class=\"elementor-widget-wrap elementor-element-populated\">\n\t\t\t\t\t\t<div class=\"elementor-element elementor-element-feefb6c elementor-widget elementor-widget-heading\" data-id=\"feefb6c\" data-element_type=\"widget\" data-e-type=\"widget\" data-widget_type=\"heading.default\">\n\t\t\t\t<div class=\"elementor-widget-container\">\n\t\t\t\t\t<h1 class=\"elementor-heading-title elementor-size-default\">Ajet\u00eb Sh. Beqiraj<\/h1>\t\t\t\t<\/div>\n\t\t\t\t<\/div>\n\t\t\t\t\t<\/div>\n\t\t<\/div>\n\t\t\t\t\t<\/div>\n\t\t<\/section>\n\t\t\t\t<section class=\"elementor-section elementor-top-section elementor-element elementor-element-034f786 elementor-section-boxed elementor-section-height-default elementor-section-height-default\" data-id=\"034f786\" data-element_type=\"section\" data-e-type=\"section\">\n\t\t\t\t\t\t<div class=\"elementor-container elementor-column-gap-default\">\n\t\t\t\t\t<div class=\"elementor-column elementor-col-100 elementor-top-column elementor-element elementor-element-ba0c118\" data-id=\"ba0c118\" data-element_type=\"column\" data-e-type=\"column\">\n\t\t\t<div class=\"elementor-widget-wrap elementor-element-populated\">\n\t\t\t\t\t\t<div class=\"elementor-element elementor-element-3dc998b elementor-widget elementor-widget-heading\" data-id=\"3dc998b\" data-element_type=\"widget\" data-e-type=\"widget\" data-widget_type=\"heading.default\">\n\t\t\t\t<div class=\"elementor-widget-container\">\n\t\t\t\t\t<h4 class=\"elementor-heading-title elementor-size-default\"><a href=\"https:\/\/www.youtube.com\/results?search_query=ajete+shaban+beqiraj\">Ajet\u00eb Beqiraj \u00ebsht\u00eb shkrimtare dhe gazetare shqiptare e cila filloi krijimtarin\u00eb letrare n\u00eb mosh\u00ebn 16 vjecare. P\u00ebrgjat\u00eb viteve 1995-2002 rezultoi me 4 botime n\u00eb proz\u00eb dhe n\u00eb poezi, \u201cYLLI I FATIT i pushonte n\u00eb dor\u00eb\u201d, \u201cSYT\u00cb E FATIT T\u00cb MIR\u00cb\u201d,\u201cZemra e Di\u201d si dhe\u201dTretur n\u00eb nat\u00eb\u201d. <br>\nE diplomuar n\u00eb gazetari, Beqiraj prej vitit 2003 iu p\u00ebrkushtua k\u00ebtij profesioni fillimisht me bashk\u00ebpunimin me media t\u00eb shtypit, si: Kosovarja, Bota Sot,Z\u00ebri ditor,Z\u00ebri Javor,etj.Vazhdoi me gazetari radiofonike n\u00eb Radio Peja si moderatore dhe operatore z\u00ebri dhe pas praktik\u00ebs n\u00eb studio montazhi n\u00eb Radio Tirana, vazhdoi i reportere e transmetuesit Doj\u00e7e Veles ne Kosov\u00eb. Paralelisht me Doj\u00e7e Velen me t\u00eb cil\u00ebn vazhdoi bashk\u00ebpunimin 2005-2014, Beqiraj paralelisht u angazhua edhe si reportere e Radio Kosov\u00ebs 2006-2017, p\u00ebr t\u00eb vazhduar deri me 2022 n\u00eb redaksin\u00eb e dokumentareve n\u00eb Televizionin e Kosov\u00ebs. \n\nMe 2017-2019 realizoi projektin televiziv \u201cVat\u00ebr e Diell me shqiptar\u00ebt e Amerik\u00ebs\u201d (2017, Nju Jork,Nju Jersei, Conecticut, TX), me reportazhe dhe portrete me shqiptaro-amerikan\u00eb. \n\n\u00cbsht\u00eb fituese e \u201c\u00c7mimit p\u00ebr Varf\u00ebri\u201d nga Ekipi i Kombeve t\u00eb Bashkuara n\u00eb Kosov\u00eb, e \u201c\u00c7mimit Special\u201d n\u00eb Festivalin Rajonal t\u00eb Radiove n\u00eb Neum t\u00eb Bosnj\u00eb Hercegovin\u00ebs, si dhe fituese e \u201c\u00c7mimit t\u00eb Par\u00eb\u201d t\u00eb Festivalit Rajonal t\u00eb Radiove \u201dZ\u00ebri si vizion-Tuzla 2008\u201d, n\u00eb Tuzla, BeH.\n\n\u00cbsht\u00eb ideatore dhe themeluese e Shoqat\u00ebs Rajonale t\u00eb Shkrimtar\u00ebve \u201cTEUTA\u201d si dhe hartuese e projekteve br\u00ebnda saj,si : Manifestimit Letrar Trekufitar \u201cMuzat e Alpeve\u201d, turit kat\u00ebrditor \u201cShkrimtar\u00ebt lobojn\u00eb p\u00ebr Kosov\u00ebn\u201d, (2014 Bukuresht, Rumani).\n\nE specializuar n\u00eb gazetari si dhe e pavar\u00ebsuar n\u00eb kamera dhe produksion, Beqiraj prej 1 prillit 2022 vazhdon angazhimin si gazetare dhe producente e pavarur me kanalin e saj zyrtar:  \nYoutube.com\/@JetaBeqiraj.\nFlet shqip, anglisht, gjermanisht dhe serbo-kroatisht.<\/a><\/h4>\t\t\t\t<\/div>\n\t\t\t\t<\/div>\n\t\t\t\t<div class=\"elementor-element elementor-element-9fdb291 elementor-widget elementor-widget-image\" data-id=\"9fdb291\" data-element_type=\"widget\" data-e-type=\"widget\" data-widget_type=\"image.default\">\n\t\t\t\t<div class=\"elementor-widget-container\">\n\t\t\t\t\t\t\t\t\t\t\t\t\t\t\t<img fetchpriority=\"high\" decoding=\"async\" width=\"1239\" height=\"747\" src=\"https:\/\/ajetebeqiraj.org\/wp-content\/uploads\/2023\/01\/Jeta-Bjeshka-e-strellcit.jpg\" class=\"attachment-full size-full wp-image-1443\" alt=\"Jeta Bjeshka e strellcit\" srcset=\"https:\/\/ajetebeqiraj.org\/wp-content\/uploads\/2023\/01\/Jeta-Bjeshka-e-strellcit.jpg 1239w, https:\/\/ajetebeqiraj.org\/wp-content\/uploads\/2023\/01\/Jeta-Bjeshka-e-strellcit-300x181.jpg 300w, https:\/\/ajetebeqiraj.org\/wp-content\/uploads\/2023\/01\/Jeta-Bjeshka-e-strellcit-1024x617.jpg 1024w, https:\/\/ajetebeqiraj.org\/wp-content\/uploads\/2023\/01\/Jeta-Bjeshka-e-strellcit-768x463.jpg 768w\" sizes=\"(max-width: 1239px) 100vw, 1239px\" \/>\t\t\t\t\t\t\t\t\t\t\t\t\t\t\t<\/div>\n\t\t\t\t<\/div>\n\t\t\t\t<div class=\"elementor-element elementor-element-4cd5b6a elementor-widget elementor-widget-heading\" data-id=\"4cd5b6a\" data-element_type=\"widget\" data-e-type=\"widget\" data-widget_type=\"heading.default\">\n\t\t\t\t<div class=\"elementor-widget-container\">\n\t\t\t\t\t<h4 class=\"elementor-heading-title elementor-size-default\"><a href=\"https:\/\/www.youtube.com\/results?search_query=ajete+shaban+beqiraj\">Ajete Beqiraj is an Albanian writer and journalist. She began her literary career at the age of 16. Between 1995 and 2002, she published four books in prose and poetry: The Lucky Star Rested in Her Hand, The Eyes of Good Luck, My Heart Knows\u2026, and Lost in the Night.\n\nShe graduated in Mass Communication and Journalism and has been actively engaged in journalism since 2003. Her professional path began in print media, contributing to leading newspapers and magazines such as Kosovarja, Bota Sot, and Z\u00ebri. She later moved into radio journalism at Radio Peja and completed professional training at Radio Tirana.\n\nFor eight years, Beqiraj worked as a correspondent for Deutsche Welle, while simultaneously serving for fourteen years as a reporter at Radio Kosovo. From 2017 to 2022, she was part of the documentary editorial team at Kosovo Television, where she produced long-form television documentaries and reports.\n\nBetween 2017 and 2019, she created and realized the television project Heart and Sun with Albanians of America, filming reports and portraits of Albanian-American communities across New York, New Jersey, Connecticut, and Texas.\n\nBeqiraj is the recipient of several prestigious awards, including the Poverty Award from the United Nations Team in Kosovo, the Special Award at the Regional Radio Festival in Neum (Bosnia and Herzegovina), and the First Prize at the Regional Radio Festival Z\u00ebri si Vision in Tuzla, Bosnia and Herzegovina.\n\nShe is a co-founder of the Regional Association of Writers \u201cTEUTA\u201d and the creator of major literary and cultural projects such as the cross-border literary manifestation Muses of the Alps and the international cultural tour Writers Lobby for Kosovo (Bucharest, 2014).\n\nSpecialized in journalism, camera work, and independent production, Beqiraj has continued her professional activity since April 1, 2022, as an independent journalist through her official channel:\n\nyoutube.com\/@JetaBeqiraj\n\nLanguages: Albanian, English, German, and Serbo-Croatian.<\/a><\/h4>\t\t\t\t<\/div>\n\t\t\t\t<\/div>\n\t\t\t\t<div class=\"elementor-element elementor-element-d6637d6 elementor-align-center elementor-widget elementor-widget-button\" data-id=\"d6637d6\" data-element_type=\"widget\" data-e-type=\"widget\" data-widget_type=\"button.default\">\n\t\t\t\t<div class=\"elementor-widget-container\">\n\t\t\t\t\t\t\t\t\t<div class=\"elementor-button-wrapper\">\n\t\t\t\t\t<a class=\"elementor-button elementor-button-link elementor-size-sm\" href=\"https:\/\/ajetebeqiraj.org\/en\/services\/\">\n\t\t\t\t\t\t<span class=\"elementor-button-content-wrapper\">\n\t\t\t\t\t\t\t\t\t<span class=\"elementor-button-text\">See more<\/span>\n\t\t\t\t\t<\/span>\n\t\t\t\t\t<\/a>\n\t\t\t\t<\/div>\n\t\t\t\t\t\t\t\t<\/div>\n\t\t\t\t<\/div>\n\t\t\t\t<div class=\"elementor-element elementor-element-0c52aa0 elementor-widget elementor-widget-image\" data-id=\"0c52aa0\" data-element_type=\"widget\" data-e-type=\"widget\" data-widget_type=\"image.default\">\n\t\t\t\t<div class=\"elementor-widget-container\">\n\t\t\t\t\t\t\t\t\t\t\t\t\t\t\t<img decoding=\"async\" width=\"1024\" height=\"397\" src=\"https:\/\/ajetebeqiraj.org\/wp-content\/uploads\/2023\/01\/Bjeshka-e-Strellcit-3-1024x397.jpg\" class=\"attachment-large size-large wp-image-9930\" alt=\"Bjeshka e Strellcit\" srcset=\"https:\/\/ajetebeqiraj.org\/wp-content\/uploads\/2023\/01\/Bjeshka-e-Strellcit-3-1024x397.jpg 1024w, https:\/\/ajetebeqiraj.org\/wp-content\/uploads\/2023\/01\/Bjeshka-e-Strellcit-3-300x116.jpg 300w, https:\/\/ajetebeqiraj.org\/wp-content\/uploads\/2023\/01\/Bjeshka-e-Strellcit-3-768x298.jpg 768w, https:\/\/ajetebeqiraj.org\/wp-content\/uploads\/2023\/01\/Bjeshka-e-Strellcit-3.jpg 1353w\" sizes=\"(max-width: 1024px) 100vw, 1024px\" \/>\t\t\t\t\t\t\t\t\t\t\t\t\t\t\t<\/div>\n\t\t\t\t<\/div>\n\t\t\t\t<section class=\"elementor-section elementor-inner-section elementor-element elementor-element-d762106 elementor-section-boxed elementor-section-height-default elementor-section-height-default\" data-id=\"d762106\" data-element_type=\"section\" data-e-type=\"section\">\n\t\t\t\t\t\t<div class=\"elementor-container elementor-column-gap-default\">\n\t\t\t\t\t<div class=\"elementor-column elementor-col-50 elementor-inner-column elementor-element elementor-element-08ec54c\" data-id=\"08ec54c\" data-element_type=\"column\" data-e-type=\"column\">\n\t\t\t<div class=\"elementor-widget-wrap elementor-element-populated\">\n\t\t\t\t\t\t<div class=\"elementor-element elementor-element-d35be41 elementor-widget elementor-widget-heading\" data-id=\"d35be41\" data-element_type=\"widget\" data-e-type=\"widget\" data-widget_type=\"heading.default\">\n\t\t\t\t<div class=\"elementor-widget-container\">\n\t\t\t\t\t<h3 class=\"elementor-heading-title elementor-size-default\">Our Mission<\/h3>\t\t\t\t<\/div>\n\t\t\t\t<\/div>\n\t\t\t\t<div class=\"elementor-element elementor-element-8fa3d11 elementor-widget elementor-widget-text-editor\" data-id=\"8fa3d11\" data-element_type=\"widget\" data-e-type=\"widget\" data-widget_type=\"text-editor.default\">\n\t\t\t\t<div class=\"elementor-widget-container\">\n\t\t\t\t\t\t\t\t\t<p>Informim i drejtp\u00ebrdrejt\u00eb nga terreni, promovim i trash\u00ebgimis\u00eb kulturore e natyrore dhe i vlerave universale.Qasje origjinale dhe trajtim profesional, me thellim analitik dhe prezantim t\u00eb denj\u00eb p\u00ebr gazetarin\u00eb e p\u00ebrgjegjshme.<\/p><p>Journalism based on first-hand sources, dedicated to cultural and natural heritage and universal values.Accurate and responsible reporting grounded in the universal ethical values of journalism and dedicated solely to the truth.<\/p><p>\u00a0<\/p><p><a href=\"https:\/\/www.youtube.com\/channel\/UCPcUE-arrwpQcU1pOnBi_2A\">Ajete Shaban Beqiraj Official &#8211; YouTube<\/a><\/p>\t\t\t\t\t\t\t\t<\/div>\n\t\t\t\t<\/div>\n\t\t\t\t\t<\/div>\n\t\t<\/div>\n\t\t\t\t<div class=\"elementor-column elementor-col-50 elementor-inner-column elementor-element elementor-element-d30d7a1\" data-id=\"d30d7a1\" data-element_type=\"column\" data-e-type=\"column\">\n\t\t\t<div class=\"elementor-widget-wrap elementor-element-populated\">\n\t\t\t\t\t\t<div class=\"elementor-element elementor-element-6260bc9 elementor-widget elementor-widget-heading\" data-id=\"6260bc9\" data-element_type=\"widget\" data-e-type=\"widget\" data-widget_type=\"heading.default\">\n\t\t\t\t<div class=\"elementor-widget-container\">\n\t\t\t\t\t<h3 class=\"elementor-heading-title elementor-size-default\">Our Values<\/h3>\t\t\t\t<\/div>\n\t\t\t\t<\/div>\n\t\t\t\t<div class=\"elementor-element elementor-element-3a99000 elementor-widget elementor-widget-text-editor\" data-id=\"3a99000\" data-element_type=\"widget\" data-e-type=\"widget\" data-widget_type=\"text-editor.default\">\n\t\t\t\t<div class=\"elementor-widget-container\">\n\t\t\t\t\t\t\t\t\t<p>Gazetari\u00a0 etike dhe e p\u00ebrgjegjshme, n\u00eb sh\u00ebrbim t\u00eb s\u00eb v\u00ebrtet\u00ebs. Informim i sakt\u00eb i mb\u00ebshtetur n\u00eb vlerat universale te gazetarise dhe n\u00eb sh\u00ebrbim t\u00eb s\u00eb v\u00ebrtet\u00ebs.<\/p><p>An original approach with professional treatment and in-depth analysis, reflecting the principles of responsible journalism.<\/p><p>Youtube.com\/@JetaBeqiraj<\/p>\t\t\t\t\t\t\t\t<\/div>\n\t\t\t\t<\/div>\n\t\t\t\t\t<\/div>\n\t\t<\/div>\n\t\t\t\t\t<\/div>\n\t\t<\/section>\n\t\t\t\t\t<\/div>\n\t\t<\/div>\n\t\t\t\t\t<\/div>\n\t\t<\/section>\n\t\t\t\t<section class=\"elementor-section elementor-top-section elementor-element elementor-element-e889fc3 elementor-section-boxed elementor-section-height-default elementor-section-height-default\" data-id=\"e889fc3\" data-element_type=\"section\" data-e-type=\"section\" data-settings=\"{&quot;background_background&quot;:&quot;video&quot;,&quot;background_video_link&quot;:&quot;https:\\\/\\\/www.youtube.com\\\/watch?v=1wiNEQUX1to&amp;t=40s&quot;,&quot;background_video_start&quot;:560,&quot;background_video_end&quot;:570,&quot;background_play_on_mobile&quot;:&quot;yes&quot;}\">\n\t\t\t\t\t\t\t\t<div class=\"elementor-background-video-container\">\n\t\t\t\t\t\t\t\t\t\t\t\t\t<div class=\"elementor-background-video-embed\" role=\"presentation\"><\/div>\n\t\t\t\t\t\t\t\t\t\t\t\t<\/div>\n\t\t\t\t\t\t\t\t<div class=\"elementor-container elementor-column-gap-default\">\n\t\t\t\t\t<div class=\"elementor-column elementor-col-33 elementor-top-column elementor-element elementor-element-3c8f4a8\" data-id=\"3c8f4a8\" data-element_type=\"column\" data-e-type=\"column\">\n\t\t\t<div class=\"elementor-widget-wrap\">\n\t\t\t\t\t\t\t<\/div>\n\t\t<\/div>\n\t\t\t\t<div class=\"elementor-column elementor-col-33 elementor-top-column elementor-element elementor-element-ebb2ba7\" data-id=\"ebb2ba7\" data-element_type=\"column\" data-e-type=\"column\">\n\t\t\t<div class=\"elementor-widget-wrap elementor-element-populated\">\n\t\t\t\t\t\t<div class=\"elementor-element elementor-element-beb0353 elementor-widget elementor-widget-heading\" data-id=\"beb0353\" data-element_type=\"widget\" data-e-type=\"widget\" data-widget_type=\"heading.default\">\n\t\t\t\t<div class=\"elementor-widget-container\">\n\t\t\t\t\t<h4 class=\"elementor-heading-title elementor-size-default\">\u201cAnd I believe that good journalism, good television, can make our world a better place\".  Christiane Amanpour.<\/h4>\t\t\t\t<\/div>\n\t\t\t\t<\/div>\n\t\t\t\t<div class=\"elementor-element elementor-element-4e74ae5 elementor-widget elementor-widget-image\" data-id=\"4e74ae5\" data-element_type=\"widget\" data-e-type=\"widget\" data-widget_type=\"image.default\">\n\t\t\t\t<div class=\"elementor-widget-container\">\n\t\t\t\t\t\t\t\t\t\t\t\t\t\t\t<img decoding=\"async\" src=\"https:\/\/ajetebeqiraj.org\/wp-content\/uploads\/2023\/01\/Sequence-13.00_42_09_13.Still006-e1674183550943.jpg\" title=\"Sequence 13.00_42_09_13.Still006\" alt=\"Sequence 13.00_42_09_13.Still006\" loading=\"lazy\" \/>\t\t\t\t\t\t\t\t\t\t\t\t\t\t\t<\/div>\n\t\t\t\t<\/div>\n\t\t\t\t<div class=\"elementor-element elementor-element-ec91cfa elementor-widget elementor-widget-text-editor\" data-id=\"ec91cfa\" data-element_type=\"widget\" data-e-type=\"widget\" data-widget_type=\"text-editor.default\">\n\t\t\t\t<div class=\"elementor-widget-container\">\n\t\t\t\t\t\t\t\t\t<p>Ajet\u00eb Beqiraj<\/p>\t\t\t\t\t\t\t\t<\/div>\n\t\t\t\t<\/div>\n\t\t\t\t\t<\/div>\n\t\t<\/div>\n\t\t\t\t<div class=\"elementor-column elementor-col-33 elementor-top-column elementor-element elementor-element-9e16007\" data-id=\"9e16007\" data-element_type=\"column\" data-e-type=\"column\">\n\t\t\t<div class=\"elementor-widget-wrap\">\n\t\t\t\t\t\t\t<\/div>\n\t\t<\/div>\n\t\t\t\t\t<\/div>\n\t\t<\/section>\n\t\t\t\t<\/div>","protected":false},"excerpt":{"rendered":"<p>Ajet\u00eb Sh. Beqiraj Ajet\u00eb Beqiraj \u00ebsht\u00eb shkrimtare dhe gazetare shqiptare e cila filloi krijimtarin\u00eb letrare n\u00eb mosh\u00ebn 16 vjecare. P\u00ebrgjat\u00eb viteve 1995-2002 rezultoi me 4 botime n\u00eb proz\u00eb dhe n\u00eb poezi, \u201cYLLI I FATIT i pushonte n\u00eb dor\u00eb\u201d, \u201cSYT\u00cb E FATIT T\u00cb MIR\u00cb\u201d,\u201cZemra e Di\u201d si dhe\u201dTretur n\u00eb nat\u00eb\u201d. E diplomuar n\u00eb gazetari, Beqiraj prej [&hellip;]<\/p>","protected":false},"author":1,"featured_media":0,"parent":0,"menu_order":0,"comment_status":"closed","ping_status":"closed","template":"","meta":{"site-sidebar-layout":"no-sidebar","site-content-layout":"page-builder","ast-site-content-layout":"","site-content-style":"default","site-sidebar-style":"default","ast-global-header-display":"","ast-banner-title-visibility":"","ast-main-header-display":"","ast-hfb-above-header-display":"","ast-hfb-below-header-display":"","ast-hfb-mobile-header-display":"","site-post-title":"disabled","ast-breadcrumbs-content":"","ast-featured-img":"disabled","footer-sml-layout":"","theme-transparent-header-meta":"enabled","adv-header-id-meta":"","stick-header-meta":"","header-above-stick-meta":"","header-main-stick-meta":"","header-below-stick-meta":"","astra-migrate-meta-layouts":"default","ast-page-background-enabled":"default","ast-page-background-meta":{"desktop":{"background-color":"var(--ast-global-color-4)","background-image":"","background-repeat":"repeat","background-position":"center center","background-size":"auto","background-attachment":"scroll","background-type":"","background-media":"","overlay-type":"","overlay-color":"","overlay-opacity":"","overlay-gradient":""},"tablet":{"background-color":"","background-image":"","background-repeat":"repeat","background-position":"center center","background-size":"auto","background-attachment":"scroll","background-type":"","background-media":"","overlay-type":"","overlay-color":"","overlay-opacity":"","overlay-gradient":""},"mobile":{"background-color":"","background-image":"","background-repeat":"repeat","background-position":"center center","background-size":"auto","background-attachment":"scroll","background-type":"","background-media":"","overlay-type":"","overlay-color":"","overlay-opacity":"","overlay-gradient":""}},"ast-content-background-meta":{"desktop":{"background-color":"var(--ast-global-color-5)","background-image":"","background-repeat":"repeat","background-position":"center center","background-size":"auto","background-attachment":"scroll","background-type":"","background-media":"","overlay-type":"","overlay-color":"","overlay-opacity":"","overlay-gradient":""},"tablet":{"background-color":"var(--ast-global-color-5)","background-image":"","background-repeat":"repeat","background-position":"center center","background-size":"auto","background-attachment":"scroll","background-type":"","background-media":"","overlay-type":"","overlay-color":"","overlay-opacity":"","overlay-gradient":""},"mobile":{"background-color":"var(--ast-global-color-5)","background-image":"","background-repeat":"repeat","background-position":"center center","background-size":"auto","background-attachment":"scroll","background-type":"","background-media":"","overlay-type":"","overlay-color":"","overlay-opacity":"","overlay-gradient":""}},"jetpack_post_was_ever_published":false,"slim_seo":{"title":"About - Ajet\u00ebBeqiraj.org","description":"Ajet\u00eb Sh. Beqiraj Ajet\u00eb Beqiraj \u00ebsht\u00eb shkrimtare dhe gazetare shqiptare e cila filloi krijimtarin\u00eb letrare n\u00eb mosh\u00ebn 16 vjecare. P\u00ebrgjat\u00eb viteve 1995-2002 rezul"},"footnotes":""},"class_list":["post-14","page","type-page","status-publish","hentry"],"jetpack_sharing_enabled":true,"_links":{"self":[{"href":"https:\/\/ajetebeqiraj.org\/en\/wp-json\/wp\/v2\/pages\/14","targetHints":{"allow":["GET"]}}],"collection":[{"href":"https:\/\/ajetebeqiraj.org\/en\/wp-json\/wp\/v2\/pages"}],"about":[{"href":"https:\/\/ajetebeqiraj.org\/en\/wp-json\/wp\/v2\/types\/page"}],"author":[{"embeddable":true,"href":"https:\/\/ajetebeqiraj.org\/en\/wp-json\/wp\/v2\/users\/1"}],"replies":[{"embeddable":true,"href":"https:\/\/ajetebeqiraj.org\/en\/wp-json\/wp\/v2\/comments?post=14"}],"version-history":[{"count":21,"href":"https:\/\/ajetebeqiraj.org\/en\/wp-json\/wp\/v2\/pages\/14\/revisions"}],"predecessor-version":[{"id":13538,"href":"https:\/\/ajetebeqiraj.org\/en\/wp-json\/wp\/v2\/pages\/14\/revisions\/13538"}],"wp:attachment":[{"href":"https:\/\/ajetebeqiraj.org\/en\/wp-json\/wp\/v2\/media?parent=14"}],"curies":[{"name":"wp","href":"https:\/\/api.w.org\/{rel}","templated":true}]}}