{"id":1783,"date":"2001-11-18T22:22:41","date_gmt":"2001-11-18T22:22:41","guid":{"rendered":"https:\/\/ajetebeqiraj.org\/zemra-e-di-2\/"},"modified":"2026-01-21T14:35:12","modified_gmt":"2026-01-21T14:35:12","slug":"zemra-e-di-2","status":"publish","type":"page","link":"https:\/\/ajetebeqiraj.org\/en\/my-archive\/zemra-e-di-2\/","title":{"rendered":"Zemra e Di"},"content":{"rendered":"<p><em><img fetchpriority=\"high\" decoding=\"async\" class=\"size-medium wp-image-9293 alignleft\" src=\"http:\/\/ajetebeqiraj.org\/wp-content\/uploads\/2023\/01\/Zemra-e-di-178x300.jpg\" alt=\"\" width=\"178\" height=\"300\" srcset=\"https:\/\/ajetebeqiraj.org\/wp-content\/uploads\/2023\/01\/Zemra-e-di-178x300.jpg 178w, https:\/\/ajetebeqiraj.org\/wp-content\/uploads\/2023\/01\/Zemra-e-di-608x1024.jpg 608w, https:\/\/ajetebeqiraj.org\/wp-content\/uploads\/2023\/01\/Zemra-e-di-768x1293.jpg 768w, https:\/\/ajetebeqiraj.org\/wp-content\/uploads\/2023\/01\/Zemra-e-di-912x1536.jpg 912w, https:\/\/ajetebeqiraj.org\/wp-content\/uploads\/2023\/01\/Zemra-e-di.jpg 1158w\" sizes=\"(max-width: 178px) 100vw, 178px\" \/>ZEJNULLAH HALILI.Me 2001,Prishtine.<\/em><\/p>\n<p><em>Kuptime shenjt\u00ebruese e hyjnizuese p\u00ebr tri besnik\u00ebri apo tri dashuri I gjejm\u00eb pik\u00ebrisht n\u00eb v\u00ebllimin me poezi me titull &#8220;Zemra e di&#8221; t\u00eb poetesh\u00ebs s\u00eb re(n\u00eb mosh\u00eb) por jo edhe n\u00eb pjekuri t\u00eb krijimeve, t\u00eb z.Ajete Beqirajt. N\u00eb k\u00ebt\u00eb mare sacrum(det t\u00eb shenjt\u00eb) t\u00eb k\u00ebsaj poetesheje b\u00ebhen t\u00eb pavdekshme deri n\u00eb hyjnizim dashuria n\u00eb kuptimin e thell\u00eb t\u00eb nj\u00eb \u00ebndrre t\u00eb past\u00ebrt si burimi malit, p\u00ebr nj\u00eb djalosh, m\u00eb pastaj ajo e vendlindjes, sepse autoren si duket val\u00ebt e jet\u00ebs e hedhin edhe n\u00ebp\u00ebr bot\u00eb, e n\u00eb k\u00ebt\u00eb edhe nj\u00eb dashuri skofiare at\u00ebrore, q\u00eb zgjohet vet\u00ebm nga nj\u00eb zem\u00ebr e past\u00ebr, q\u00eb di, q\u00eb ndjen dhe q\u00eb tkurret p\u00ebr t\\&#8217;et. <\/em><\/p>\n<p><em>Kur Zemra e Di, edhe metafora e saj e di se ka p\u00ebr detyr\u00eb t\u00eb q\u00ebmtoj\u00eb varg t\u00eb ri, t\u00eb lir\u00eb, t\u00eb figursh\u00ebm dhe t\u00eb prirur nga but\u00ebsia nj\u00ebr\u00ebzore. E shty\u00eb nga forca e brendshme p\u00ebr t\u00eb th\u00ebn\u00eb at\u00eb q\u00eb di zemra, autorja Ajete Beqiraj ka hapur nj\u00eb prolog dhe brenda nj\u00eb universi poetik ka futur gjith\u00eb \u00ebnd\u00ebrrimet e saja p\u00ebr t\u00eb th\u00ebn\u00eb gj\u00ebra t\u00eb path\u00ebna apo motivet jet\u00ebsore p\u00ebr t\\&#8217;I shprehur n\u00eb nj\u00eb m\u00ebnyr\u00eb tjet\u00ebr, vazhdimisht dhe n\u00eb nj\u00eb rrjedh\u00eb t\u00eb pasosur p\u00ebr t\\&#8217;I shkrir\u00eb n\u00eb kredon krijuese. Q\u00eb nga hapja e gjer n\u00eb mbyllje t\u00eb librit sikur ndodh nj\u00eb t\u00ebrmet shkundullues n\u00eb shpirtin e saj, sepse ajo br\u00ebnda \u00ebsht\u00eb vet\u00ebvetja e autores, ku shpreh individualitetin njer\u00ebzor e qytetar n\u00eb trajt\u00ebn e vet, q\u00eb deri n\u00eb k\u00ebt\u00eb process e con gj\u00ebndja e trazuar shpirtrore. <\/em><\/p>\n<p><em>Kujtimet e p\u00ebrfytyrimet e saj lidhur me vende,<\/em><em> situata e njer\u00ebz t\u00eb dashur, marrin nj\u00eb trajt\u00eb t\u00eb gjall\u00eb dhe u blatohen k\u00ebtyre ndjenjave n\u00eb m\u00ebnyr\u00eb origjinale, me nj\u00eb z\u00eb t\u00eb vetin e ting\u00ebllim\u00eb t\u00eb p\u00ebrpikt\u00eb, m\u00eb p\u00ebrjetim personal po edhe universal. <\/em><\/p>\n<p><em>Merit\u00eb e A-Jet\u00ebs \u00ebsht\u00eb se ajo di t\u00eb mbruj\u00eb poezin\u00eb apo \u00ebndrr\u00ebn e vet me jet\u00ebn e psikologjin\u00eb n\u00eb koh\u00eb dhe n\u00eb hap\u00ebsir\u00eb t\u00eb caktuar. Te kjo v\u00ebrtet\u00ebsi e con frym\u00ebzimi, l\u00ebnda shpirt\u00ebrore e cila pa u th\u00ebn\u00eb k\u00ebshtu nuk b\u00ebn se E di Zemra ose Zemra e Di, q\u00eb \u00ebsht\u00eb e shqet\u00ebsuar, sic \u00ebsht\u00eb e shqet\u00ebsuar poezia e saj q\u00eb m\u00ebton t\u00eb jet\u00eb larg cdo imitimi formal. Kriteret e p\u00ebrzgjedhjes p\u00ebr botim t\u00eb poezive qen\u00eb n\u00eb shije t\u00eb autores po dhe t\u00eb redaktorit e t\u00eb recenzuesit, q\u00eb iu n\u00ebnshtruan asaj q\u00eb na e preku shpirtin, asaj q\u00eb na u imponua me vlerat q\u00eb bart. <\/em><\/p>\n<p><em>\u00a0<\/em><\/p>\n<p><em><strong>Plag\u00eb e gjall\u00eb<\/strong><\/em><em>\u00a0<\/em><\/p>\n<p><em>Plag\u00eb mbi plag\u00eb<\/em><\/p>\n<p><em>\u00a0Baba I mbolla shtatit<\/em><\/p>\n<p><em>\u00a0Vec t\u00eb shp\u00ebrlaj shpirtin<\/em><\/p>\n<p><em>Nga bloza e m\u00ebkatit<\/em><\/p>\n<p><em>\u00a0E p\u00ebrulur e p\u00ebrplasur<\/em><\/p>\n<p><em>\u00a0Lus vdekjen t\\&#8217;m\u00eb rr\u00ebmbej<\/em><\/p>\n<p><em>\u00a0Me nj\u00eb varr aty pran\u00eb teje<\/em><\/p>\n<p><em>\u00a0Rinin\u00eb time dua ta shk\u00ebmbej<\/em><\/p>\n<p><em>\u00a0<\/em><\/p>\n<p><em>\u00a0Se drita e jet\u00ebs<\/em><\/p>\n<p><em>\u00a0M\u00eb \u00ebsht\u00eb fikur n\u00eb sy<\/em><\/p>\n<p><em>\u00a0E gjith\u00eb bota ime<\/em><\/p>\n<p><em>\u00cbsht\u00eb kthyer n\u00eb sk\u00ebterr\u00eb<\/em><\/p>\n<p><em>Drit\u00eb e shenjt e Zotit<\/em><\/p>\n<p><em>\u00a0Kot ma ndricon rrug\u00ebn<\/em><\/p>\n<p><em>\u00a0Asnj\u00eb hap m\u00eb tutje<\/em><\/p>\n<p><em>\u00a0S\\&#8217;kam fuqi ta hedh<\/em><\/p>\n<p><em>\u00a0<\/em><\/p>\n<p><em>Dua t\u00eb lirohem<\/em><\/p>\n<p><em>\u00a0Barr\u00ebs s\u00eb r\u00ebnd\u00eb t\u00eb jet\u00ebs<\/em><\/p>\n<p><em>\u00a0K\u00ebt\u00eb zem\u00ebr t\u00eb p\u00ebrgjakur<\/em><\/p>\n<p><em>P\u00ebrjet\u00eb ta palos n\u00eb dhe,<\/em><\/p>\n<p><em>\u00a0Dyert e shp\u00ebtimit<\/em><\/p>\n<p><em>\u00a0Shpirtit le t\\&#8217;mi happen<\/em><\/p>\n<p><em>\u00a0Trupit tim t\u00eb dergjur<\/em><\/p>\n<p><em>\u00a0Pran\u00eb teje le t\\&#8217;m,I gjejn\u00eb streh\u00eb\u00a0<\/em><\/p>\n<p>&nbsp;<\/p>\n<p><em>Tetor \\&#8217;97<\/em><em>\u00a0<\/em><\/p>\n<p><em><strong>N\u00ebse un\u00eb vdes<\/strong><\/em><em><strong><br \/>\n<\/strong><\/em><br \/>\n<em>\u00a0Mallkimi im me shekuj<\/em><br \/>\n<em>\u00a0Do t\\&#8217;r\u00ebndoj\u00eb mbi at\u00eb sht\u00ebpi<\/em><br \/>\n<em>\u00a0Vajet e mia t\u00eb gjata\u00a0<\/em><br \/>\n<em>Do t\u00eb shembin muret,<\/em><br \/>\n<em>Tjegullat si gjaku im\u00a0<\/em><br \/>\n<em>Do t\\&#8217;p\u00ebrplasen p\u00ebrtpok\u00eb<\/em><br \/>\n<em>\u00a0Si lot\u00ebt e syve t\u00eb mi\u00a0<\/em><br \/>\n<em>Do t\u00eb rrokullisen gur\u00ebt<\/em><br \/>\n<em><br \/>\n<\/em><br \/>\n<em>\u00a0Pesha e tij Shk\u00ebmb<\/em><br \/>\n<em>\u00a0Do t\u00eb mbyll at\u00eb der\u00eb\u00a0<\/em><br \/>\n<em>Hija ime do t\u00eb bredh<\/em><br \/>\n<em>\u00a0Edhe mbi at\u00eb g\u00ebrmadh\u00eb,<\/em><br \/>\n<em>Ofshamat do t\u00eb mbysin k\u00ebng\u00ebn\u00a0<\/em><br \/>\n<em>Tupana dasmeje\u00a0<\/em><br \/>\n<em>As vaj f\u00ebmije kurr\u00eb\u00a0<\/em><br \/>\n<em>S\\&#8217;do t\u00eb degjohen n\u00eb at\u00eb prag <\/em><em><br \/>\n<\/em><br \/>\n<em>Do t\u00eb vij\u00eb koha kur do t\\&#8217;kuptosh<\/em><br \/>\n<em>\u00a0Vdekja s\\&#8217;\u00ebsht\u00eb d\u00ebnim p\u00ebr t\u00eb gjith\u00eb\u00a0<\/em><br \/>\n<em>R\u00ebnd\u00eb e eg\u00ebr godet jeta\u00a0<\/em><br \/>\n<em>M\u00ebshiron m\u00eb pak se vras\u00ebsi,<\/em><br \/>\n<em>\u00a0N\u00eb gjirin e varrit<\/em><br \/>\n<em>\u00a0Prore \u00ebsht\u00eb shp\u00ebtimi<\/em><br \/>\n<em>\u00a0Kur troket ora e mallkuar<\/em><br \/>\n<em>\u00a0T\u00eb paguajm\u00eb borxhin-t\\&#8217;lajm\u00eb m\u00ebkatin.<\/em><em>\u00a0<\/em><\/p>\n<p>Ajet\u00eb Beqiraj,<\/p>\n<p>Botuar me 2001<\/p>\n<p>\\&#8221;Iliriku\\&#8221;,Prishtin\u00eb.<em>\u00a0<\/em><\/p>\n<p>Download PDF:\u00a0<a href=\"\/en\/\\&quot;http:\/\/ajete-beqiraj.com\/downloads\/Zemra%20e%20di.pdf\\&quot;\/\">Zemra e di<\/a><\/p>","protected":false},"excerpt":{"rendered":"<p>ZEJNULLAH HALILI.Me 2001,Prishtine. Kuptime shenjt\u00ebruese e hyjnizuese p\u00ebr tri besnik\u00ebri apo tri dashuri I gjejm\u00eb pik\u00ebrisht n\u00eb v\u00ebllimin me poezi me titull &#8220;Zemra e di&#8221; t\u00eb poetesh\u00ebs s\u00eb re(n\u00eb mosh\u00eb) por jo edhe n\u00eb pjekuri t\u00eb krijimeve, t\u00eb z.Ajete Beqirajt. N\u00eb k\u00ebt\u00eb mare sacrum(det t\u00eb shenjt\u00eb) t\u00eb k\u00ebsaj poetesheje b\u00ebhen t\u00eb pavdekshme deri n\u00eb hyjnizim [&hellip;]<\/p>","protected":false},"author":2,"featured_media":5140,"parent":13305,"menu_order":3,"comment_status":"closed","ping_status":"closed","template":"","meta":{"site-sidebar-layout":"default","site-content-layout":"default","ast-site-content-layout":"default","site-content-style":"default","site-sidebar-style":"default","ast-global-header-display":"","ast-banner-title-visibility":"","ast-main-header-display":"","ast-hfb-above-header-display":"","ast-hfb-below-header-display":"","ast-hfb-mobile-header-display":"","site-post-title":"","ast-breadcrumbs-content":"","ast-featured-img":"","footer-sml-layout":"","theme-transparent-header-meta":"default","adv-header-id-meta":"","stick-header-meta":"","header-above-stick-meta":"","header-main-stick-meta":"","header-below-stick-meta":"","astra-migrate-meta-layouts":"set","ast-page-background-enabled":"default","ast-page-background-meta":{"desktop":{"background-color":"var(--ast-global-color-4)","background-image":"","background-repeat":"repeat","background-position":"center center","background-size":"auto","background-attachment":"scroll","background-type":"","background-media":"","overlay-type":"","overlay-color":"","overlay-opacity":"","overlay-gradient":""},"tablet":{"background-color":"","background-image":"","background-repeat":"repeat","background-position":"center center","background-size":"auto","background-attachment":"scroll","background-type":"","background-media":"","overlay-type":"","overlay-color":"","overlay-opacity":"","overlay-gradient":""},"mobile":{"background-color":"","background-image":"","background-repeat":"repeat","background-position":"center center","background-size":"auto","background-attachment":"scroll","background-type":"","background-media":"","overlay-type":"","overlay-color":"","overlay-opacity":"","overlay-gradient":""}},"ast-content-background-meta":{"desktop":{"background-color":"var(--ast-global-color-5)","background-image":"","background-repeat":"repeat","background-position":"center center","background-size":"auto","background-attachment":"scroll","background-type":"","background-media":"","overlay-type":"","overlay-color":"","overlay-opacity":"","overlay-gradient":""},"tablet":{"background-color":"var(--ast-global-color-5)","background-image":"","background-repeat":"repeat","background-position":"center center","background-size":"auto","background-attachment":"scroll","background-type":"","background-media":"","overlay-type":"","overlay-color":"","overlay-opacity":"","overlay-gradient":""},"mobile":{"background-color":"var(--ast-global-color-5)","background-image":"","background-repeat":"repeat","background-position":"center center","background-size":"auto","background-attachment":"scroll","background-type":"","background-media":"","overlay-type":"","overlay-color":"","overlay-opacity":"","overlay-gradient":""}},"jetpack_post_was_ever_published":false,"slim_seo":{"title":"Zemra e Di - Ajet\u00ebBeqiraj.org","description":"ZEJNULLAH HALILI.Me 2001,Prishtine. Kuptime shenjt\u00ebruese e hyjnizuese p\u00ebr tri besnik\u00ebri apo tri dashuri I gjejm\u00eb pik\u00ebrisht n\u00eb v\u00ebllimin me poezi me titull \"Zemra"},"footnotes":""},"class_list":["post-1783","page","type-page","status-publish","has-post-thumbnail","hentry"],"jetpack_sharing_enabled":true,"_links":{"self":[{"href":"https:\/\/ajetebeqiraj.org\/en\/wp-json\/wp\/v2\/pages\/1783","targetHints":{"allow":["GET"]}}],"collection":[{"href":"https:\/\/ajetebeqiraj.org\/en\/wp-json\/wp\/v2\/pages"}],"about":[{"href":"https:\/\/ajetebeqiraj.org\/en\/wp-json\/wp\/v2\/types\/page"}],"author":[{"embeddable":true,"href":"https:\/\/ajetebeqiraj.org\/en\/wp-json\/wp\/v2\/users\/2"}],"replies":[{"embeddable":true,"href":"https:\/\/ajetebeqiraj.org\/en\/wp-json\/wp\/v2\/comments?post=1783"}],"version-history":[{"count":1,"href":"https:\/\/ajetebeqiraj.org\/en\/wp-json\/wp\/v2\/pages\/1783\/revisions"}],"predecessor-version":[{"id":13330,"href":"https:\/\/ajetebeqiraj.org\/en\/wp-json\/wp\/v2\/pages\/1783\/revisions\/13330"}],"up":[{"embeddable":true,"href":"https:\/\/ajetebeqiraj.org\/en\/wp-json\/wp\/v2\/pages\/13305"}],"wp:featuredmedia":[{"embeddable":true,"href":"https:\/\/ajetebeqiraj.org\/en\/wp-json\/wp\/v2\/media\/5140"}],"wp:attachment":[{"href":"https:\/\/ajetebeqiraj.org\/en\/wp-json\/wp\/v2\/media?parent=1783"}],"curies":[{"name":"wp","href":"https:\/\/api.w.org\/{rel}","templated":true}]}}