{"id":9961,"date":"2009-03-18T21:53:16","date_gmt":"2009-03-18T21:53:16","guid":{"rendered":"https:\/\/ajetebeqiraj.org\/syte-e-fatit-te-mire-2\/"},"modified":"2026-01-21T14:34:16","modified_gmt":"2026-01-21T14:34:16","slug":"syte-e-fatit-te-mire-2-3","status":"publish","type":"page","link":"https:\/\/ajetebeqiraj.org\/en\/my-archive\/syte-e-fatit-te-mire-2-3\/","title":{"rendered":"Syt\u00eb e fatit t\u00eb mir\u00eb"},"content":{"rendered":"<p><em><strong><img fetchpriority=\"high\" decoding=\"async\" class=\"size-medium wp-image-5146 alignleft\" src=\"http:\/\/ajetebeqiraj.org\/wp-content\/uploads\/2022\/05\/Syte-e-fatit-te-mire-II-1-1-218x300.jpg\" alt=\"\" width=\"218\" height=\"300\" \/>N\u00eb vend t\u00eb parath\u00ebnjes-Natasha Lako:<\/strong><\/em><\/p>\n<p><em>N\u00eb horizontin letrar t\u00eb viteve \u201990-t\u00eb, n\u00eb proz\u00ebn fem\u00ebrore fillojn\u00eb t\u00eb shfaqen krijues, emra t\u00eb rinj dhe shpresa t\u00eb reja q\u00eb vin\u00eb nga diaspora, si I themi n\u00eb m\u00ebnyr\u00eb p\u00ebrmbledh\u00ebse t\u00eb gjith\u00eb shqiptar\u00ebve t\u00eb shp\u00ebrndar\u00eb n\u00eb t\u00eb kat\u00ebr an\u00ebt e k\u00ebtij dheu. <\/em><em>\u00a0<\/em><\/p>\n<p><em>Nj\u00ebra prej tyre \u00ebsht\u00eb edhe Ajete Beqiraj, e cila jeton n\u00eb Gjermani. <\/em><em>\u00a0<\/em><\/p>\n<p><em>Po t\u00eb b\u00ebjm\u00eb nj\u00eb rrug\u00eb t\u00eb gjat\u00eb historike letrare, t\u00eb pashk\u00ebputur nga ngjarjet e m\u00ebdha t\u00eb popullit ton\u00eb, tragjedit\u00eb dhe shpresat, mund t\u00eb kujtojm\u00eb me k\u00ebt\u00eb rast pen\u00ebn e dhuruar nga vajzat shqiptare Dora D\u2019 Istrias, duke shprehur k\u00ebshtu d\u00ebshir\u00ebn e tyre p\u00ebr t\u00eb hyr\u00eb n\u00eb bot\u00ebn e madhe t\u00eb letrave t\u00eb z\u00ebrit fem\u00ebror shqiptar. <\/em><em>\u00a0<\/em><\/p>\n<p><em>Rilindja Kombtare Shqiptare, e cila po vazhdon deri n\u00eb dit\u00ebt kur nga dheu q\u00eb u takon shqiptar\u00ebve mes k\u00ebsaj bot\u00eb t\u00eb madhe po vahdojn\u00eb t\u00eb ikin dhe t\u00eb braktisin trojet e tyre qindra e mij\u00ebra njer\u00ebz p\u00ebr t\u00eb mos folur p\u00ebr masakrimet e vendbanimeve prej t\u00eb cilave vjen edhe autorja, ndjehet edhe n\u00eb drit\u00ebn q\u00eb vjen prej nj\u00eb shpirti fem\u00ebror, I cili tradicionalisht ka q\u00ebn\u00eb vet\u00ebm se I ndrydhur. <\/em><em>Por, ka ditur t\u00eb frym\u00ebzoj\u00eb me nina-nan\u00ebn dhe me djepin n\u00eb krah. Ajo \u00ebsht\u00eb e vetmja grua e bot\u00ebs ndoshta, q\u00eb e ka k\u00ebnduar nina-nan\u00ebn n\u00eb k\u00ebt\u00eb eksod pa fund. <\/em><em>\u00a0<\/em><\/p>\n<p><em>Duke lexuar librin e A-Jet\u00ebs, befasohesh nga tema e zgjedhur, ai idil I bukur q\u00eb rrjedh nga kujtimi p\u00ebr atdheun, ajo bot\u00eb romantike dhe e idealizuar, jasht\u00eb halleve dhe derteve, por q\u00eb tregon nje shprishje dhe ndeshje shpirt\u00ebrore br\u00ebnda bot\u00ebs tradicionale, e cila hyn n\u00eb qytet\u00ebrimin e sot\u00ebm p\u00ebrmes t\u00eb rinjve. <\/em><em>\u00a0<\/em><\/p>\n<p><em>Brenda k\u00ebtij imazhi fshihet sigurisht ajo marr\u00ebdh\u00ebnie e martesave ose dashurive q\u00eb lindin n\u00eb m\u00ebnyr\u00ebn m\u00eb komplekse, duke pasur brenda edhe ndjenj\u00ebn e fajit, n\u00eb nj\u00eb rrug\u00eb realiste kompromisesh midis t\u00eb kaluar\u00ebs dhe t\u00eb sotmes.<\/em><\/p>\n<p><em>Ajo q\u00eb t\u00eb b\u00ebn t\u00eb jesh m\u00eb I interesuar p\u00ebr k\u00ebt\u00eb li\u00ebr t\u00eb shkruar me nj\u00eb mundim gjuh\u00ebsor, vecan\u00ebrisht p\u00ebr sintaks\u00ebn, si mund t\u00eb jet\u00eb p\u00ebr cdo njeri t\u00eb shk\u00ebputur nga burimi I par\u00eb I gjuh\u00ebs shqipe, \u00ebsht\u00eb p\u00ebrshkrimi I detajuar I marrdh\u00ebnieve familjare dhe shoq\u00ebrore n\u00eb detaje t\u00eb imta, krijimi I nj\u00eb jete e cila \u00ebsht\u00eb br\u00ebnda zemr\u00ebs s\u00eb autores. N\u00eb k\u00ebt\u00eb rast un\u00eb kujtoj shkrimtaren e madhe Ketrin Mensfild, jo p\u00ebr paraleliz\u00ebm, por p\u00ebr t\u2019ju kujtuar lexuesve se botimet e saj t\u00eb mbushura plot jet\u00eb nuk kan\u00eb q\u00ebn\u00eb asnj\u00ebher\u00eb paralele me tragjedit\u00eb e viteve kur jan\u00eb shkruar tregimet m\u00eb t\u00eb bukura p\u00ebr bot\u00ebn shpirt\u00ebrore t\u00eb njeriut. <\/em><\/p>\n<p><em>K\u00ebshtu ndodh edhe me k\u00ebt\u00eb lib\u00ebr dhe kjo e papritur njer\u00ebzore krijon vler\u00ebn m\u00eb t\u00eb mir\u00eb. <\/em><em>\u00a0<\/em><\/p>\n<p><em><strong>Natasha LAKO<\/strong><\/em><br \/>\n***<br \/>\nDita ishte plot rreze; syt\u00eb e tij plot shpresa!<\/p>\n<p>D\u00ebshp\u00ebrimi I tij ishte si nj\u00eb er\u00eb e cila p\u00ebr nj\u00eb cast p\u00ebrfshin e b\u00ebn r\u00ebmuj\u00eb cdo gj\u00eb por, pas pak ik\u00ebn dhe cdo gj\u00eb shkon n\u00eb vendin e vet. Vet\u00ebm tani kur ecte p\u00ebrkrah saj e kuptonte se sa t\u00eb zbrazta kishin q\u00ebn\u00eb vitet e ikura. Se sa e zbraz\u00ebt kishte q\u00ebn\u00eb gjith\u00eb rinia e tij! Dikur, n\u00eb mosh\u00ebn tet\u00ebmb\u00ebdhjet\u00eb vjecare, ecte n\u00eb t\u00eb nj\u00ebjt\u00ebn rrug\u00eb dhe nuk e dinte se c\u2019drejtim do t\u00eb merrte jeta e tij. Sikur fati t\u2019ia kishte p\u00ebshp\u00ebritur at\u00eb q\u00eb do t\u2019I ndodhte, nuk do t\u00eb kisht\u00eb besuar. Por fati thur vet rrug\u00ebt e njer\u00ebzve t\u00eb cil\u00ebt ecin n\u00eb t\u00eb verb\u00ebrisht. N\u00eb jet\u00ebn e tij shum\u00ebcka kishte ikur e vajtur. Por, vet\u00ebm fuqia e fatit kishte mundur t\u00eb b\u00ebnte at\u00eb kthes\u00eb n\u00eb rrug\u00ebn e tij. K\u00ebt\u00eb e d\u00ebshmonte gjetja e serishme n\u00eb vendin e vjet\u00ebr, pas nj\u00eb shtegtimi t\u00eb gjat\u00eb. Nd\u00ebrsa ura q\u00eb e lidhte me flok\u00ebverdh\u00ebn e dikurshme, nuk ishte vet\u00ebm dashuria por ishte dikush q\u00eb kishte mb\u00ebshtetur letr\u00ebn n\u00eb at\u00eb loj\u00eb p\u00ebr n\u00ebnt\u00eb vjet t\u00eb gjata.<\/p>\n<p>Deg\u00ebt e derdhura t\u00eb shelgjeve ua ledhatonin flok\u00ebt. Ajo fliste, me z\u00ebrin q\u00eb ting\u00ebllonte si nj\u00eb k\u00ebng\u00eb e bukur bilbili e cdo fjal\u00eb q\u00eb nxirrte, e shoq\u00ebronte me gjeste plot gjall\u00ebri. E ai e d\u00ebgjonte heshtur, nd\u00ebrsa z\u00ebri I saj e kthente prapa me vite, duke I sjell serish para syve vog\u00eblushen flok\u00ebverdh\u00eb. E d\u00ebgjonte dhe p\u00ebrpiqej t\u00eb m\u00ebsonte cdo detaj t\u00eb jet\u00ebs, n\u00eb vitet q\u00eb I kishte q\u00ebndruar larg: p\u00ebr f\u00ebmij\u00ebrin\u00eb jo t\u00eb larg\u00ebt, p\u00ebr rinin\u00eb e saj e cila mund t\u00eb num\u00ebrohej me or\u00eb, duke u munduar t\u00eb dep\u00ebrtoj\u00eb n\u00eb mendimet m\u00eb t\u00eb fshehta, n\u00eb d\u00ebshirat e strukura n\u00eb zem\u00ebr, q\u00eb br\u00ebnda dit\u00ebs t\u2019ia b\u00ebnte realitet. Me gisht\u00ebrinj\u00eb ia l\u00ebmonte fytyr\u00ebn e njom\u00eb e flok\u00ebt e gjata. E mb\u00ebshteste n\u00eb krah\u00ebror ngadal\u00eb, sikur frigohej se do ta l\u00ebndonte. Ishte aq e re\u2026Aq e njom\u00eb e trupi I saj I derdhej nd\u00ebr duar. E ledhatonte si nj\u00eb foshnj\u00eb, q\u00eb fati e kishte hedhur n\u00eb duart e tij ta rriste e ta mbronte gjith\u00eb jet\u00ebn. Si nj\u00eb xhevahir q\u00eb vet\u00ebm ai kishte t\u00eb drejt ta prekte. Si nj\u00eb gonxhe, e cila ende pa hapur petalet vet\u00ebm atij po ia falte arom\u00ebn!<\/p>\n<p>Ajete Sh. Beqiraj<\/p>\n<p>Fragment nga romani rinor:<\/p>\n<p>&#8220;Syt\u00eb e Fatit t\u00eb Mir\u00eb&#8221;<\/p>\n<p>(pjesa e dyte, vazhdim i \u201eYlli i Fatit i pushonte ne dore\u201c)<\/p>\n<p>BOTIMET TOENA, mars 1998, Tiranw.<\/p>\n<p>Redaktore: Rina Cela<\/p>\n<p>Recenzente: Natasha Lako<\/p>\n<p>P\u00ebrkujdesja grafike: Irena To\u00e7i<\/p>\n<p>Botues: Fatmir To\u00e7i<\/p>\n<p>ISBN 99927-1-145-5<\/p>\n<p>Copyright: Ajetw Sh. Beqiraj<\/p>\n<p>Download PDF:\u00a0<a href=\"\/en\/\\&quot;http:\/\/ajete-beqiraj.com\/downloads\/Syte%20e%20fatit%20te%20mire%20(pjesa%20II).pdf\\&quot;\/\">Syt\u00eb e fatit t\u00eb mir\u00eb<\/a><\/p>","protected":false},"excerpt":{"rendered":"<p>N\u00eb vend t\u00eb parath\u00ebnjes-Natasha Lako: N\u00eb horizontin letrar t\u00eb viteve \u201990-t\u00eb, n\u00eb proz\u00ebn fem\u00ebrore fillojn\u00eb t\u00eb shfaqen krijues, emra t\u00eb rinj dhe shpresa t\u00eb reja q\u00eb vin\u00eb nga diaspora, si I themi n\u00eb m\u00ebnyr\u00eb p\u00ebrmbledh\u00ebse t\u00eb gjith\u00eb shqiptar\u00ebve t\u00eb shp\u00ebrndar\u00eb n\u00eb t\u00eb kat\u00ebr an\u00ebt e k\u00ebtij dheu. \u00a0 Nj\u00ebra prej tyre \u00ebsht\u00eb edhe Ajete Beqiraj, [&hellip;]<\/p>","protected":false},"author":1,"featured_media":5143,"parent":13305,"menu_order":0,"comment_status":"closed","ping_status":"closed","template":"","meta":{"site-sidebar-layout":"default","site-content-layout":"default","ast-site-content-layout":"default","site-content-style":"default","site-sidebar-style":"default","ast-global-header-display":"","ast-banner-title-visibility":"","ast-main-header-display":"","ast-hfb-above-header-display":"","ast-hfb-below-header-display":"","ast-hfb-mobile-header-display":"","site-post-title":"","ast-breadcrumbs-content":"","ast-featured-img":"","footer-sml-layout":"","theme-transparent-header-meta":"default","adv-header-id-meta":"","stick-header-meta":"","header-above-stick-meta":"","header-main-stick-meta":"","header-below-stick-meta":"","astra-migrate-meta-layouts":"set","ast-page-background-enabled":"default","ast-page-background-meta":{"desktop":{"background-color":"var(--ast-global-color-4)","background-image":"","background-repeat":"repeat","background-position":"center center","background-size":"auto","background-attachment":"scroll","background-type":"","background-media":"","overlay-type":"","overlay-color":"","overlay-opacity":"","overlay-gradient":""},"tablet":{"background-color":"","background-image":"","background-repeat":"repeat","background-position":"center center","background-size":"auto","background-attachment":"scroll","background-type":"","background-media":"","overlay-type":"","overlay-color":"","overlay-opacity":"","overlay-gradient":""},"mobile":{"background-color":"","background-image":"","background-repeat":"repeat","background-position":"center center","background-size":"auto","background-attachment":"scroll","background-type":"","background-media":"","overlay-type":"","overlay-color":"","overlay-opacity":"","overlay-gradient":""}},"ast-content-background-meta":{"desktop":{"background-color":"var(--ast-global-color-5)","background-image":"","background-repeat":"repeat","background-position":"center center","background-size":"auto","background-attachment":"scroll","background-type":"","background-media":"","overlay-type":"","overlay-color":"","overlay-opacity":"","overlay-gradient":""},"tablet":{"background-color":"var(--ast-global-color-5)","background-image":"","background-repeat":"repeat","background-position":"center center","background-size":"auto","background-attachment":"scroll","background-type":"","background-media":"","overlay-type":"","overlay-color":"","overlay-opacity":"","overlay-gradient":""},"mobile":{"background-color":"var(--ast-global-color-5)","background-image":"","background-repeat":"repeat","background-position":"center center","background-size":"auto","background-attachment":"scroll","background-type":"","background-media":"","overlay-type":"","overlay-color":"","overlay-opacity":"","overlay-gradient":""}},"jetpack_post_was_ever_published":false,"slim_seo":{"title":"Syt\u00eb e fatit t\u00eb mir\u00eb - Ajet\u00ebBeqiraj.org","description":"N\u00eb vend t\u00eb parath\u00ebnjes-Natasha Lako: N\u00eb horizontin letrar t\u00eb viteve \u201990-t\u00eb, n\u00eb proz\u00ebn fem\u00ebrore fillojn\u00eb t\u00eb shfaqen krijues, emra t\u00eb rinj dhe shpresa t\u00eb reja q\u00eb"},"footnotes":""},"class_list":["post-9961","page","type-page","status-publish","has-post-thumbnail","hentry"],"jetpack_sharing_enabled":true,"_links":{"self":[{"href":"https:\/\/ajetebeqiraj.org\/en\/wp-json\/wp\/v2\/pages\/9961","targetHints":{"allow":["GET"]}}],"collection":[{"href":"https:\/\/ajetebeqiraj.org\/en\/wp-json\/wp\/v2\/pages"}],"about":[{"href":"https:\/\/ajetebeqiraj.org\/en\/wp-json\/wp\/v2\/types\/page"}],"author":[{"embeddable":true,"href":"https:\/\/ajetebeqiraj.org\/en\/wp-json\/wp\/v2\/users\/1"}],"replies":[{"embeddable":true,"href":"https:\/\/ajetebeqiraj.org\/en\/wp-json\/wp\/v2\/comments?post=9961"}],"version-history":[{"count":1,"href":"https:\/\/ajetebeqiraj.org\/en\/wp-json\/wp\/v2\/pages\/9961\/revisions"}],"predecessor-version":[{"id":13326,"href":"https:\/\/ajetebeqiraj.org\/en\/wp-json\/wp\/v2\/pages\/9961\/revisions\/13326"}],"up":[{"embeddable":true,"href":"https:\/\/ajetebeqiraj.org\/en\/wp-json\/wp\/v2\/pages\/13305"}],"wp:featuredmedia":[{"embeddable":true,"href":"https:\/\/ajetebeqiraj.org\/en\/wp-json\/wp\/v2\/media\/5143"}],"wp:attachment":[{"href":"https:\/\/ajetebeqiraj.org\/en\/wp-json\/wp\/v2\/media?parent=9961"}],"curies":[{"name":"wp","href":"https:\/\/api.w.org\/{rel}","templated":true}]}}