{"id":9962,"date":"2002-12-18T21:53:31","date_gmt":"2002-12-18T21:53:31","guid":{"rendered":"https:\/\/ajetebeqiraj.org\/tretur-ne-nate-2\/"},"modified":"2026-01-21T14:34:45","modified_gmt":"2026-01-21T14:34:45","slug":"tretur-ne-nate-2","status":"publish","type":"page","link":"https:\/\/ajetebeqiraj.org\/en\/my-archive\/tretur-ne-nate-2\/","title":{"rendered":"Tretur n\u00eb nat\u00eb"},"content":{"rendered":"<p><em><strong><img fetchpriority=\"high\" decoding=\"async\" class=\"size-medium wp-image-9294 alignleft\" src=\"http:\/\/ajetebeqiraj.org\/wp-content\/uploads\/2023\/01\/Tretur-ne-nate-..-174x300.jpg\" alt=\"\" width=\"174\" height=\"300\" srcset=\"https:\/\/ajetebeqiraj.org\/wp-content\/uploads\/2023\/01\/Tretur-ne-nate-..-174x300.jpg 174w, https:\/\/ajetebeqiraj.org\/wp-content\/uploads\/2023\/01\/Tretur-ne-nate-..-594x1024.jpg 594w, https:\/\/ajetebeqiraj.org\/wp-content\/uploads\/2023\/01\/Tretur-ne-nate-..-768x1325.jpg 768w, https:\/\/ajetebeqiraj.org\/wp-content\/uploads\/2023\/01\/Tretur-ne-nate-..-891x1536.jpg 891w, https:\/\/ajetebeqiraj.org\/wp-content\/uploads\/2023\/01\/Tretur-ne-nate-...jpg 1003w\" sizes=\"(max-width: 174px) 100vw, 174px\" \/>Ese e vog\u00ebl-Visar Zhiti:<\/strong><br \/>\n<\/em><\/p>\n<p><em>T\u00eb k\u00ebrkosh t\u00eb rr\u00ebfesh dhembjen t\u00ebnde, g\u00ebzimet e tua, fatin vet\u00eb n\u00eb tempullin e poezis\u00eb \u00ebsht\u00eb nj\u00eb besim i v\u00ebrtet\u00eb dhe sinqeritet ndaj njer\u00ebzve p\u00ebrtej tempullit. Poezia k\u00ebshtu shnd\u00ebrrohet n\u00eb nj\u00eb forc\u00eb hyjnore ku vetmija jote cop\u00ebzohet n\u00ebp\u00ebr t\u00eb gjith\u00eb si kristale drite dhe prej andej t\u00eb rikthehen vezullime ndjenjash e persiatje nga m\u00eb t\u00eb bukurat.Emocione t\u00eb tilla po ndillja,teksa po lexoja poezit\u00eb e reja t\u00eb Ajet\u00eb Sh. Beqirajt,poete kosovare. <\/em><\/p>\n<p><em>Duket sikur s\\&#8217;ka r\u00ebnd\u00ebsi se ku jeton poeti, por un\u00eb do t\u00eb k\u00ebmb\u00ebngulja se ka r\u00ebnd\u00ebsi p\u00ebr poezin\u00eb.Kosova \u00ebsht\u00eb truall i poezis\u00eb dhe me t\u00eb drejt\u00eb Poeti i Detit Ton\u00eb i quan kuajt e Kosov\u00ebs si v\u00ebllez\u00ebr t\u00eb Pegasit. <\/em><\/p>\n<p><em>Kuajt e Kosov\u00ebs jan\u00eb koha dhe k\u00ebnga t\u00eb ngarkuara me \u00ebndrrat dhe mundin, nd\u00ebrsa shtegtojn\u00eb karvan drejt ardhm\u00ebris\u00eb q\u00eb l\u00ebkundet si nj\u00eb pllaj\u00eb ku po mug\u00ebllon drita. <\/em><\/p>\n<p><em>Poetja Ajet\u00eb Sh.Beqiraj \u00ebsht\u00eb nj\u00eb nga kalor\u00ebset e bukura, e kapur pas jeleve gjith\u00eb h\u00ebn\u00eb t\u00eb vargjeve dhe trokon, trokon dhe pelerin\u00ebn ja p\u00ebrhap era n\u00ebn yje mbi barin plot ves\u00eb,lot\u00eb dhe p\u00ebrshk\u00ebnditje gjaku.Me vete ka marr\u00eb si pajime brengat p\u00ebr t\u00eb mb\u00ebrritur atje ku pret f\u00ebmij\u00ebria ose sinqeriteti q\u00eb megjith\u00ebse shpesh i mashtruar dhe i zhg\u00ebnjyer, \u00ebsht\u00eb njer\u00ebzor dhe si i till\u00eb, duhet pranuar, edhe duhet dashur. <\/em><\/p>\n<p><em>Duhet t\u00eb m\u00ebsohemi t\u00eb duam edhe humbjet tona,q\u00eb ndonj\u00ebher\u00eb na b\u00ebjn\u00eb m\u00eb t\u00eb pasur.P\u00ebr t\u00eb m\u00eb besuar,mund t\u00eb lexoni poezite e A-Jete-s, q\u00eb pranon t\u00eb tretet n\u00eb nat\u00ebn e t\u00eb gjith\u00ebve p\u00ebr t\u00eb qen\u00eb pjes\u00eb e dashuris\u00eb s\u00eb t\u00eb gjith\u00ebve. Dhe k\u00ebshtu poezia arrin t\u00eb b\u00ebhet lumturi n\u00eb muzg,n\u00eb cilindo lloj muzgu. Kurse zemra e kalit me flatra qenka vark\u00eb mbi dallg\u00ebt e ndjenjave q\u00eb u ngjajn\u00eb vargjeve&#8230;q\u00eb do t\u00eb lexoni. <\/em><strong><em>\u00a0<\/em><\/strong><\/p>\n<p><strong><em>VISAR ZHITI\u00a0<\/em><\/strong><em>\u00a0<\/em><\/p>\n<p><em><strong>Muri i shenjt <\/strong><\/em><\/p>\n<p><em>Kur fati dikur na pat buz\u00ebqeshur <\/em><\/p>\n<p><em>Me thonjtw e duarve qendisa diellin<\/em><\/p>\n<p><em>\u00a0Mes bot\u00ebrave q\u00eb ndanin oqeanet<\/em><\/p>\n<p><em>\u00a0Shtriva krah\u00ebt t\\&#8217;u b\u00ebra ur\u00eb,<\/em><\/p>\n<p><em>Me g\u00ebrsheta gardh kurore thura<\/em><\/p>\n<p><em>\u00a0Rriskun e jet\u00ebs gurw kalaje b\u00ebra <\/em><\/p>\n<p><em>N\u00eb themele palosa \u00ebnd\u00ebrrat<\/em><\/p>\n<p><em>\u00a0Foshnjen ton\u00eb flijova n\u00eb mur.<\/em><\/p>\n<p>&nbsp;<\/p>\n<p><em>\u00a0Kur t\u00eb hapen portat e rruzullimit<\/em><\/p>\n<p><em>\u00a0Vet\u00ebm nj\u00eb drit\u00eb bot\u00ebn praron <\/em><\/p>\n<p><em>Gjurm\u00ebt e m\u00ebkateve ndaj shpirtit tim<\/em><\/p>\n<p><em>\u00a0Do t\\&#8217;i shoh\u00ebsh n\\&#8217;Librin e Shenjt\u00eb,<\/em><\/p>\n<p><em>Do t\u00eb rr\u00ebfehet Syri i Drejt\u00ebsis\u00eb<\/em><\/p>\n<p><em>\u00a0Q\u00eb gjith\u00eb jet\u00ebn me mua ka qar\u00eb<\/em><\/p>\n<p><em>\u00a0N\u00eb ball\u00eb mallkimin do t\u00eb t\\&#8217;vulos<\/em><\/p>\n<p><em>\u00a0Zoti i Madh q\u00eb vran e kthjell.<\/em><\/p>\n<p><em><strong>Vajtim ne nate<\/strong><\/em><\/p>\n<p>Xix\u00ebllonja qe vini<\/p>\n<p><em>Bashk\u00eb me pranver\u00ebn<br \/>\nUa kam lakmi drit\u00ebn n\u00eb nat\u00eb,<br \/>\nDo t\u00eb doja edhe un\u00eb<br \/>\nT\u00eb kem nj\u00eb fanar<br \/>\nT\\&#8217;m\u00eb b\u00ebj drit\u00eb nj\u00ebher\u00eb<br \/>\nN\u00eb k\u00ebt\u00eb rrug\u00eb t\u00eb gjat\u00eb .<\/em><\/p>\n<p>Ju flutura t\u00eb bukura<br \/>\nQ\u00eb haresh\u00ebm sjellni ver\u00ebn<br \/>\nNdaloni nj\u00ebher\u00eb<br \/>\nEdhe n\u00eb kopshtin tim,<br \/>\nFluturoni p\u00ebrreth<br \/>\nTr\u00ebndafiles s\u00eb vyshkur<br \/>\nNdoshta do t\\&#8217;ngreh kok\u00ebn<br \/>\nN\u00eb ju do t\\&#8217;gjej shp\u00ebtim.<\/p>\n<p>Qyqe moj e zeza<br \/>\nNetwve kur t\u00eb fluturosh<br \/>\nN\u00eb dritaren time<br \/>\nNdalo nj\u00ebher\u00eb shtegtimin,<br \/>\nN\u00ebn llamb\u00ebn e ndezur<br \/>\nDo t\\&#8217;m\u00eb shoh\u00ebsh Qyqe<br \/>\nTek vajtoj si ti<br \/>\nE vetmuar mjerimin.<\/p>\n<p><em><strong>Nj\u00ebdit\u00ebzaj <\/strong><\/em><em>\u00a0<\/em><\/p>\n<p><em>Ahu i zemr\u00ebs sime<\/em><\/p>\n<p><em>\u00a0Do t\\&#8217;i mb\u00ebrthej gjymtyr\u00ebt <\/em><\/p>\n<p><em>Bryma e acarit or\u00ebzi <\/em><\/p>\n<p><em>Do t\u00eb t\\&#8217;a ngrij shikimin<\/em><em>\u00a0<\/em><\/p>\n<p><em>N\u00ebn bloz\u00eb mbuluar <\/em><\/p>\n<p><em>Do t\u00eb kujtosh <\/em><\/p>\n<p><em>Brisht\u00ebsin\u00eb e trupit tim<\/em><\/p>\n<p><em>\u00a0T\\&#8217;burgosur n\u00eb vetmi <\/em><\/p>\n<p><em>Do t\u00eb k\u00ebrkosh faljen e Atij<\/em><\/p>\n<p><em>\u00a0Q\u00eb n\u00ebn hijen i blirit<\/em><\/p>\n<p><em>\u00a0I dergjen eshtrat nd\u00ebr mote&#8230;<\/em><em><br \/>\n<\/em><\/p>\n<p>Autore: <strong>Ajet<em>\u00eb<\/em> Beqiraj<\/strong><\/p>\n<p><em>Botoi dhe shtypi: <\/em><strong><em>\\&#8221;VATRA\\&#8221;<\/em><\/strong>, <strong>Shkup, me 2002<\/strong><\/p>\n<p>&nbsp;<\/p>\n<p><em>Redaktor: <strong>Visar ZHITI<\/strong> <\/em><\/p>\n<p><em>Recenzent: <strong>Ali PODRIMJA<\/strong> <\/em><\/p>\n<p><em>Poezi &amp; Ilustrime: <\/em><strong><em>Ajet\u00eb Sh. BEQIRAJ <\/em><\/strong><\/p>\n<p><em>Botues: <strong>Halil ZENDELI\u00a0<\/strong><\/em><\/p>\n<p>Download PDF:\u00a0<a href=\"\/en\/\\&quot;http:\/\/ajete-beqiraj.com\/downloads\/Tretur%20ne%20nate.pdf\\&quot;\/\">Tretur n\u00eb nat\u00eb<\/a><\/p>","protected":false},"excerpt":{"rendered":"<p>Ese e vog\u00ebl-Visar Zhiti: T\u00eb k\u00ebrkosh t\u00eb rr\u00ebfesh dhembjen t\u00ebnde, g\u00ebzimet e tua, fatin vet\u00eb n\u00eb tempullin e poezis\u00eb \u00ebsht\u00eb nj\u00eb besim i v\u00ebrtet\u00eb dhe sinqeritet ndaj njer\u00ebzve p\u00ebrtej tempullit. Poezia k\u00ebshtu shnd\u00ebrrohet n\u00eb nj\u00eb forc\u00eb hyjnore ku vetmija jote cop\u00ebzohet n\u00ebp\u00ebr t\u00eb gjith\u00eb si kristale drite dhe prej andej t\u00eb rikthehen vezullime ndjenjash e [&hellip;]<\/p>","protected":false},"author":1,"featured_media":5150,"parent":13305,"menu_order":0,"comment_status":"closed","ping_status":"closed","template":"","meta":{"site-sidebar-layout":"default","site-content-layout":"default","ast-site-content-layout":"default","site-content-style":"default","site-sidebar-style":"default","ast-global-header-display":"","ast-banner-title-visibility":"","ast-main-header-display":"","ast-hfb-above-header-display":"","ast-hfb-below-header-display":"","ast-hfb-mobile-header-display":"","site-post-title":"","ast-breadcrumbs-content":"","ast-featured-img":"","footer-sml-layout":"","theme-transparent-header-meta":"default","adv-header-id-meta":"","stick-header-meta":"","header-above-stick-meta":"","header-main-stick-meta":"","header-below-stick-meta":"","astra-migrate-meta-layouts":"set","ast-page-background-enabled":"default","ast-page-background-meta":{"desktop":{"background-color":"var(--ast-global-color-4)","background-image":"","background-repeat":"repeat","background-position":"center center","background-size":"auto","background-attachment":"scroll","background-type":"","background-media":"","overlay-type":"","overlay-color":"","overlay-opacity":"","overlay-gradient":""},"tablet":{"background-color":"","background-image":"","background-repeat":"repeat","background-position":"center center","background-size":"auto","background-attachment":"scroll","background-type":"","background-media":"","overlay-type":"","overlay-color":"","overlay-opacity":"","overlay-gradient":""},"mobile":{"background-color":"","background-image":"","background-repeat":"repeat","background-position":"center center","background-size":"auto","background-attachment":"scroll","background-type":"","background-media":"","overlay-type":"","overlay-color":"","overlay-opacity":"","overlay-gradient":""}},"ast-content-background-meta":{"desktop":{"background-color":"var(--ast-global-color-5)","background-image":"","background-repeat":"repeat","background-position":"center center","background-size":"auto","background-attachment":"scroll","background-type":"","background-media":"","overlay-type":"","overlay-color":"","overlay-opacity":"","overlay-gradient":""},"tablet":{"background-color":"var(--ast-global-color-5)","background-image":"","background-repeat":"repeat","background-position":"center center","background-size":"auto","background-attachment":"scroll","background-type":"","background-media":"","overlay-type":"","overlay-color":"","overlay-opacity":"","overlay-gradient":""},"mobile":{"background-color":"var(--ast-global-color-5)","background-image":"","background-repeat":"repeat","background-position":"center center","background-size":"auto","background-attachment":"scroll","background-type":"","background-media":"","overlay-type":"","overlay-color":"","overlay-opacity":"","overlay-gradient":""}},"jetpack_post_was_ever_published":false,"slim_seo":{"title":"Tretur n\u00eb nat\u00eb - Ajet\u00ebBeqiraj.org","description":"Ese e vog\u00ebl-Visar Zhiti: T\u00eb k\u00ebrkosh t\u00eb rr\u00ebfesh dhembjen t\u00ebnde, g\u00ebzimet e tua, fatin vet\u00eb n\u00eb tempullin e poezis\u00eb \u00ebsht\u00eb nj\u00eb besim i v\u00ebrtet\u00eb dhe sinqeritet ndaj nj"},"footnotes":""},"class_list":["post-9962","page","type-page","status-publish","has-post-thumbnail","hentry"],"jetpack_sharing_enabled":true,"_links":{"self":[{"href":"https:\/\/ajetebeqiraj.org\/en\/wp-json\/wp\/v2\/pages\/9962","targetHints":{"allow":["GET"]}}],"collection":[{"href":"https:\/\/ajetebeqiraj.org\/en\/wp-json\/wp\/v2\/pages"}],"about":[{"href":"https:\/\/ajetebeqiraj.org\/en\/wp-json\/wp\/v2\/types\/page"}],"author":[{"embeddable":true,"href":"https:\/\/ajetebeqiraj.org\/en\/wp-json\/wp\/v2\/users\/1"}],"replies":[{"embeddable":true,"href":"https:\/\/ajetebeqiraj.org\/en\/wp-json\/wp\/v2\/comments?post=9962"}],"version-history":[{"count":1,"href":"https:\/\/ajetebeqiraj.org\/en\/wp-json\/wp\/v2\/pages\/9962\/revisions"}],"predecessor-version":[{"id":13329,"href":"https:\/\/ajetebeqiraj.org\/en\/wp-json\/wp\/v2\/pages\/9962\/revisions\/13329"}],"up":[{"embeddable":true,"href":"https:\/\/ajetebeqiraj.org\/en\/wp-json\/wp\/v2\/pages\/13305"}],"wp:featuredmedia":[{"embeddable":true,"href":"https:\/\/ajetebeqiraj.org\/en\/wp-json\/wp\/v2\/media\/5150"}],"wp:attachment":[{"href":"https:\/\/ajetebeqiraj.org\/en\/wp-json\/wp\/v2\/media?parent=9962"}],"curies":[{"name":"wp","href":"https:\/\/api.w.org\/{rel}","templated":true}]}}